{"id":9193,"date":"2020-04-01T11:19:13","date_gmt":"2020-04-01T09:19:13","guid":{"rendered":"https:\/\/messervertrieb-rottner.de\/var\/www\/vhosts\/messervertrieb-rottner.de\/httpdocs\/?post_type=product&#038;p=9193"},"modified":"2026-03-26T08:55:14","modified_gmt":"2026-03-26T07:55:14","slug":"puma-tradition","status":"publish","type":"product","link":"https:\/\/messervertrieb-rottner.de\/produkte\/puma-tradition\/","title":{"rendered":"Puma Tradition"},"content":{"rendered":"<h4><strong>Besonderheiten:<\/strong><\/h4>\n<ul>\n<li><strong>Traditionelles Trachtenmesser<\/strong><\/li>\n<li><strong>Aus einem St\u00fcck Stahl hergestellt<\/strong><\/li>\n<li><strong>Verzierungen auf der versilberten Messing Zwinge und -Zierkappe<\/strong><\/li>\n<li><strong>Formsch\u00f6ner Hirschhorngriff<\/strong><\/li>\n<\/ul>\n<h3><\/h3>\n<h4><strong>Puma Tradition:<\/strong><\/h4>\n<p>Beim Modell PUMA tradition sagt der Name alles. Das Trachtenmesser ist mit Verzierungen auf der aus versilbertem Messing-Zwinge und -Zierkappe versehen. Auf der Kappe ist der Hubertus-Hirsch dargestellt.<\/p>\n<h4><\/h4>\n<h4><strong>PUMA Messermanufaktur:<\/strong><\/h4>\n<p>Seit dem Jahr 1769 stellt Puma seine hochwertige Outdoormesser her. Im Sortiment befinden sich Jagdmesser, Freizeitmesser und Sportmesser. Puma fertigt seine Messer in Solingen, der sogenannten &#8222;Klingenstadt&#8220;, welche bekannt f\u00fcr Qualit\u00e4tsmesser, Scheren und Schneidwaren ist. \u00dcber 250 Jahre \u00fcberzeugt Puma schon mit h\u00f6chster Qualit\u00e4t und bester Verarbeitung bei seinen Waren. Die Messerfirma setzt bei der Fertigung auf die Kombination von traditioneller manueller Fertigung mit modernem Fachwissen. Um die besten Ergebnisse zu erzielen werden bei Puma auch nur die besten Materialien in optimaler Verarbeitung benutzt. Die Solinger Messerfirma ist heutzutage f\u00fchrend bei der Fertigung von Jagd-, Sport-, und Anglermessern. Heutzutage steht der Name Puma als ein Synonym f\u00fcr hochwertige Messer und h\u00f6chste Qualit\u00e4t.<\/p>\n","protected":false},"excerpt":{"rendered":"<p>Besonderheiten: Traditionelles Trachtenmesser Aus einem St\u00fcck Stahl hergestellt Verzierungen auf der versilberten Messing Zwinge und -Zierkappe Formsch\u00f6ner Hirschhorngriff Puma Tradition: Beim Modell PUMA tradition sagt der Name alles. Das Trachtenmesser ist mit Verzierungen auf der aus versilbertem Messing-Zwinge und -Zierkappe versehen. Auf der Kappe ist der Hubertus-Hirsch dargestellt. PUMA Messermanufaktur: Seit dem Jahr 1769 stellt [&hellip;]<\/p>\n","protected":false},"featured_media":9194,"comment_status":"open","ping_status":"closed","template":"","meta":{"_acf_changed":false,"_et_pb_use_builder":"off","_et_pb_old_content":"<p>Dieses hochwertige Jagdmesser PUMA Phoenix ist ein echtes Allroundtalent. Die 7 mm starke Full Tang-Klinge aus rostfreiem 1.4116 Stahl erreicht eine H\u00e4rte von 55-57 HRC und ist somit jeder Aufgabe gewachsen. Eine solide Parierstange h\u00e4lt die Arbeitshand von der Klinge fern. Der Griff aus ausgew\u00e4hlten Hirschhorn Schalen mit Fangriemen\u00f6se liegt perfekt und sicher in der Hand. Dieses hochwertige Messer wird in Solingen in sorgf\u00e4ltiger Handarbeit gefertigt. Eine stabile Lederscheide aus Satelleder ist inklusive.<\/p><p>PUMA:<\/p><p>Seit 1769 stellt PUMA Jagd-, Sport- und Freizeitmesser her. In einer Stadt, deren Namen nicht ohne Grund gesch\u00fctztes Markenzeichen f\u00fcr Qualit\u00e4tsmesser und Scheren ist: <strong>Solingen.<\/strong> Dem hohen Anspruch dieser Stadt wird PUMA gerecht und beeindruckt seit \u00fcber 245 Jahren mit h\u00f6chster Qualit\u00e4t bei Material und Verarbeitung. Optimale Ergebnisse erzielt man durch optimale Verarbeitung. Die erreicht die Firma Puma durch das Zusammenspiel von traditioneller manueller Fertigung und modernstem technischen Know-How. PUMA ist heute f\u00fchrend auf dem Gebiet der Fertigung von Jagd-, Sport- und Anglermessern. Weltweit ist der Name PUMA ein Synonym f\u00fcr h\u00f6chste Qualit\u00e4t und messertechnisches Know-How.<\/p>","_et_gb_content_width":""},"product_brand":[],"product_cat":[69,300,305,620,313,284,219,104,312,30],"product_tag":[],"class_list":{"0":"post-9193","1":"product","2":"type-product","3":"status-publish","4":"has-post-thumbnail","6":"product_cat-feststehende-jagdmesser","7":"product_cat-jagdmesser-solingen","8":"product_cat-jagdnicker-solingen","9":"product_cat-messer","10":"product_cat-messer-aus-solingen","11":"product_cat-messer-solingen","12":"product_cat-normale-klinge","13":"product_cat-puma-messer-solingen","14":"product_cat-solinger-messer","15":"product_cat-hochwertiges-jagdmesser-solingen","16":"pa_brand-puma","17":"pa_klingenlaenge-105-cm","19":"first","20":"instock","21":"taxable","22":"shipping-taxable","23":"purchasable","24":"product-type-simple"},"exclude_global_add_ons":false,"addons":[{"name":"Gravurtext","type":"custom_text","position":0,"required":false,"title_format":"label","description_enable":true,"description":"Verleihen Sie Ihrem Messer eine pers\u00f6nliche Bedeutung mit unserer hochwertigen Lasergravur. Ob Name, Datum oder Widmung \u2013 wir setzen Ihre Wunschgravur pr\u00e4zise und stilvoll um.\r\n\r\nUnsere Gravur wird besonders tief und hochwertig gelasert, wodurch sie dauerhaft sichtbar und mit dem Fingernagel sp\u00fcrbar ist. Die Klinge bleibt dabei vollst\u00e4ndig unbeeinflusst \u2013 es besteht keine Gefahr von Rost oder Materialsch\u00e4den. So entsteht eine Gravur, die ein Leben lang h\u00e4lt.\r\n\r\nDer Preis von 19,99 \u20ac bezieht sich auf die Gravur eines Messers. F\u00fcr die Gravur mehrerer Messer, z. B. eines kompletten Sets, kontaktieren Sie uns bitte \u2013 wir erstellen Ihnen gerne ein individuelles Angebot.","placeholder_enable":false,"placeholder":"","display":"select","restrictions_type":"any_text","adjust_price":true,"price":"16.7983","price_type":"quantity_based","restrictions":false,"min":0,"max":0,"options":[],"id":1723823828},{"name":"Position der Gravur","type":"checkbox","position":1,"required":false,"title_format":"label","description_enable":false,"description":"","placeholder_enable":false,"placeholder":"","display":"select","restrictions_type":"any_text","adjust_price":false,"price":"","price_type":"flat_fee","restrictions":false,"min":0,"max":0,"options":[{"label":"01 R\u00fcckseite der Klinge","price":"","price_type":"flat_fee","image":0},{"label":"02 Kropf (wenn m\u00f6glich)","price":"","price_type":"flat_fee","image":0},{"label":"03 Backen (wenn m\u00f6glich)","price":"","price_type":"flat_fee","image":0},{"label":"04 Gravurpl\u00e4ttchen (wenn m\u00f6glich)","price":"","price_type":"flat_fee","image":0}],"id":1734360405},{"name":"Schriftart","type":"checkbox","position":2,"required":false,"title_format":"label","description_enable":false,"description":"","placeholder_enable":false,"placeholder":"","display":"select","restrictions_type":"any_text","adjust_price":false,"price":"","price_type":"flat_fee","restrictions":false,"min":0,"max":0,"options":[{"label":"Acme","price":"","price_type":"flat_fee","image":0},{"label":"Dancing Script","price":"","price_type":"flat_fee","image":0},{"label":"Helvetica","price":"","price_type":"flat_fee","image":0},{"label":"Miama","price":"","price_type":"flat_fee","image":0}],"id":1723823830}],"acf":[],"gallery_images":[9188],"yoast_head":"<!-- This site is optimized with the Yoast SEO plugin v27.0 - https:\/\/yoast.com\/product\/yoast-seo-wordpress\/ -->\n<title>Puma Tradition - Jagdnicker aus Solingen | Messervertrieb Rottner<\/title>\n<meta name=\"description\" content=\"Jetzt das Jagdmesser Puma Tradition kaufen | Original Puma Messer aus Solingen | Mehr als 500 Solinger Messer | Versandkostenfrei | Messervertrieb Rottner\" \/>\n<meta name=\"robots\" content=\"index, follow, max-snippet:-1, max-image-preview:large, max-video-preview:-1\" \/>\n<link rel=\"canonical\" href=\"https:\/\/messervertrieb-rottner.de\/produkte\/puma-tradition\/\" \/>\n<meta property=\"og:locale\" content=\"de_DE\" \/>\n<meta property=\"og:type\" content=\"article\" \/>\n<meta property=\"og:title\" content=\"Puma Tradition - Jagdnicker aus Solingen | Messervertrieb Rottner\" \/>\n<meta property=\"og:description\" content=\"Jetzt das Jagdmesser Puma Tradition kaufen | Original Puma Messer aus Solingen | Mehr als 500 Solinger Messer | Versandkostenfrei | Messervertrieb Rottner\" \/>\n<meta property=\"og:url\" content=\"https:\/\/messervertrieb-rottner.de\/produkte\/puma-tradition\/\" \/>\n<meta property=\"og:site_name\" content=\"Messervertrieb Rottner\" \/>\n<meta property=\"article:publisher\" content=\"https:\/\/www.facebook.com\/messerrottner\/\" \/>\n<meta property=\"article:modified_time\" content=\"2026-03-26T07:55:14+00:00\" \/>\n<meta property=\"og:image\" content=\"https:\/\/messervertrieb-rottner.de\/wp-content\/uploads\/2020\/04\/puma-jagdmesser-tradition-jagdnicker-nicker-hirschhorn.jpg\" \/>\n\t<meta property=\"og:image:width\" content=\"1920\" \/>\n\t<meta property=\"og:image:height\" content=\"1080\" \/>\n\t<meta property=\"og:image:type\" content=\"image\/jpeg\" \/>\n<meta name=\"twitter:card\" content=\"summary_large_image\" \/>\n<meta name=\"twitter:label1\" content=\"Gesch\u00e4tzte Lesezeit\" \/>\n\t<meta name=\"twitter:data1\" content=\"2\u00a0Minuten\" \/>\n<script type=\"application\/ld+json\" class=\"yoast-schema-graph\">{\"@context\":\"https:\/\/schema.org\",\"@graph\":[{\"@type\":\"WebPage\",\"@id\":\"https:\/\/messervertrieb-rottner.de\/produkte\/puma-tradition\/\",\"url\":\"https:\/\/messervertrieb-rottner.de\/produkte\/puma-tradition\/\",\"name\":\"Puma Tradition - Jagdnicker aus Solingen | Messervertrieb Rottner\",\"isPartOf\":{\"@id\":\"https:\/\/messervertrieb-rottner.de\/#website\"},\"primaryImageOfPage\":{\"@id\":\"https:\/\/messervertrieb-rottner.de\/produkte\/puma-tradition\/#primaryimage\"},\"image\":{\"@id\":\"https:\/\/messervertrieb-rottner.de\/produkte\/puma-tradition\/#primaryimage\"},\"thumbnailUrl\":\"https:\/\/messervertrieb-rottner.de\/wp-content\/uploads\/2020\/04\/puma-jagdmesser-tradition-jagdnicker-nicker-hirschhorn.jpg\",\"datePublished\":\"2020-04-01T09:19:13+00:00\",\"dateModified\":\"2026-03-26T07:55:14+00:00\",\"description\":\"Jetzt das Jagdmesser Puma Tradition kaufen | Original Puma Messer aus Solingen | Mehr als 500 Solinger Messer | Versandkostenfrei | Messervertrieb Rottner\",\"breadcrumb\":{\"@id\":\"https:\/\/messervertrieb-rottner.de\/produkte\/puma-tradition\/#breadcrumb\"},\"inLanguage\":\"de\",\"potentialAction\":[{\"@type\":\"ReadAction\",\"target\":[\"https:\/\/messervertrieb-rottner.de\/produkte\/puma-tradition\/\"]}]},{\"@type\":\"ImageObject\",\"inLanguage\":\"de\",\"@id\":\"https:\/\/messervertrieb-rottner.de\/produkte\/puma-tradition\/#primaryimage\",\"url\":\"https:\/\/messervertrieb-rottner.de\/wp-content\/uploads\/2020\/04\/puma-jagdmesser-tradition-jagdnicker-nicker-hirschhorn.jpg\",\"contentUrl\":\"https:\/\/messervertrieb-rottner.de\/wp-content\/uploads\/2020\/04\/puma-jagdmesser-tradition-jagdnicker-nicker-hirschhorn.jpg\",\"width\":1920,\"height\":1080,\"caption\":\"puma-jagdmesser-tradition-jagdnicker-nicker-hirschhorn\"},{\"@type\":\"BreadcrumbList\",\"@id\":\"https:\/\/messervertrieb-rottner.de\/produkte\/puma-tradition\/#breadcrumb\",\"itemListElement\":[{\"@type\":\"ListItem\",\"position\":1,\"name\":\"Startseite\",\"item\":\"https:\/\/messervertrieb-rottner.de\/\"},{\"@type\":\"ListItem\",\"position\":2,\"name\":\"Katalog\",\"item\":\"https:\/\/messervertrieb-rottner.de\/katalog\/\"},{\"@type\":\"ListItem\",\"position\":3,\"name\":\"Puma Tradition\"}]},{\"@type\":\"WebSite\",\"@id\":\"https:\/\/messervertrieb-rottner.de\/#website\",\"url\":\"https:\/\/messervertrieb-rottner.de\/\",\"name\":\"Messervertrieb Rottner\",\"description\":\"Profi Messer aus Solingen\",\"publisher\":{\"@id\":\"https:\/\/messervertrieb-rottner.de\/#organization\"},\"potentialAction\":[{\"@type\":\"SearchAction\",\"target\":{\"@type\":\"EntryPoint\",\"urlTemplate\":\"https:\/\/messervertrieb-rottner.de\/?s={search_term_string}\"},\"query-input\":{\"@type\":\"PropertyValueSpecification\",\"valueRequired\":true,\"valueName\":\"search_term_string\"}}],\"inLanguage\":\"de\"},{\"@type\":[\"LocalBusiness\",\"Store\",\"Organization\"],\"@id\":\"https:\/\/messervertrieb-rottner.de\/#organization\",\"name\":\"Messervertrieb Rottner\",\"url\":\"https:\/\/messervertrieb-rottner.de\/\",\"logo\":{\"@type\":\"ImageObject\",\"inLanguage\":\"de\",\"@id\":\"https:\/\/messervertrieb-rottner.de\/#\/schema\/logo\/image\/\",\"url\":\"https:\/\/messervertrieb-rottner.de\/wp-content\/uploads\/2023\/07\/messervertrieb-rottner-logo-150x150px.png\",\"contentUrl\":\"https:\/\/messervertrieb-rottner.de\/wp-content\/uploads\/2023\/07\/messervertrieb-rottner-logo-150x150px.png\",\"width\":150,\"height\":150,\"caption\":\"Messervertrieb Rottner\"},\"image\":{\"@id\":\"https:\/\/messervertrieb-rottner.de\/#\/schema\/logo\/image\/\"},\"sameAs\":[\"https:\/\/www.facebook.com\/messerrottner\/\",\"https:\/\/www.instagram.com\/messervertrieb_rottner\/\"],\"address\":{\"@type\":\"PostalAddress\",\"streetAddress\":\"Buchenstr. 3\",\"postalCode\":\"42699\",\"addressLocality\":\"Solingen\",\"addressCountry\":\"DE\"},\"telephone\":\"+49 212\/25089021\",\"email\":\"info@messervertrieb-rottner.de\",\"priceRange\":\"$$\",\"openingHoursSpecification\":[{\"@type\":\"OpeningHoursSpecification\",\"dayOfWeek\":[\"Monday\",\"Tuesday\",\"Wednesday\",\"Thursday\",\"Friday\"],\"opens\":\"09:00\",\"closes\":\"17:00\"}]}]}<\/script>\n<!-- \/ Yoast SEO plugin. -->","yoast_head_json":{"title":"Puma Tradition - Jagdnicker aus Solingen | Messervertrieb Rottner","description":"Jetzt das Jagdmesser Puma Tradition kaufen | Original Puma Messer aus Solingen | Mehr als 500 Solinger Messer | Versandkostenfrei | Messervertrieb Rottner","robots":{"index":"index","follow":"follow","max-snippet":"max-snippet:-1","max-image-preview":"max-image-preview:large","max-video-preview":"max-video-preview:-1"},"canonical":"https:\/\/messervertrieb-rottner.de\/produkte\/puma-tradition\/","og_locale":"de_DE","og_type":"article","og_title":"Puma Tradition - Jagdnicker aus Solingen | Messervertrieb Rottner","og_description":"Jetzt das Jagdmesser Puma Tradition kaufen | Original Puma Messer aus Solingen | Mehr als 500 Solinger Messer | Versandkostenfrei | Messervertrieb Rottner","og_url":"https:\/\/messervertrieb-rottner.de\/produkte\/puma-tradition\/","og_site_name":"Messervertrieb Rottner","article_publisher":"https:\/\/www.facebook.com\/messerrottner\/","article_modified_time":"2026-03-26T07:55:14+00:00","og_image":[{"width":1920,"height":1080,"url":"https:\/\/messervertrieb-rottner.de\/wp-content\/uploads\/2020\/04\/puma-jagdmesser-tradition-jagdnicker-nicker-hirschhorn.jpg","type":"image\/jpeg"}],"twitter_card":"summary_large_image","twitter_misc":{"Gesch\u00e4tzte Lesezeit":"2\u00a0Minuten"},"schema":{"@context":"https:\/\/schema.org","@graph":[{"@type":"WebPage","@id":"https:\/\/messervertrieb-rottner.de\/produkte\/puma-tradition\/","url":"https:\/\/messervertrieb-rottner.de\/produkte\/puma-tradition\/","name":"Puma Tradition - Jagdnicker aus Solingen | Messervertrieb Rottner","isPartOf":{"@id":"https:\/\/messervertrieb-rottner.de\/#website"},"primaryImageOfPage":{"@id":"https:\/\/messervertrieb-rottner.de\/produkte\/puma-tradition\/#primaryimage"},"image":{"@id":"https:\/\/messervertrieb-rottner.de\/produkte\/puma-tradition\/#primaryimage"},"thumbnailUrl":"https:\/\/messervertrieb-rottner.de\/wp-content\/uploads\/2020\/04\/puma-jagdmesser-tradition-jagdnicker-nicker-hirschhorn.jpg","datePublished":"2020-04-01T09:19:13+00:00","dateModified":"2026-03-26T07:55:14+00:00","description":"Jetzt das Jagdmesser Puma Tradition kaufen | Original Puma Messer aus Solingen | Mehr als 500 Solinger Messer | Versandkostenfrei | Messervertrieb Rottner","breadcrumb":{"@id":"https:\/\/messervertrieb-rottner.de\/produkte\/puma-tradition\/#breadcrumb"},"inLanguage":"de","potentialAction":[{"@type":"ReadAction","target":["https:\/\/messervertrieb-rottner.de\/produkte\/puma-tradition\/"]}]},{"@type":"ImageObject","inLanguage":"de","@id":"https:\/\/messervertrieb-rottner.de\/produkte\/puma-tradition\/#primaryimage","url":"https:\/\/messervertrieb-rottner.de\/wp-content\/uploads\/2020\/04\/puma-jagdmesser-tradition-jagdnicker-nicker-hirschhorn.jpg","contentUrl":"https:\/\/messervertrieb-rottner.de\/wp-content\/uploads\/2020\/04\/puma-jagdmesser-tradition-jagdnicker-nicker-hirschhorn.jpg","width":1920,"height":1080,"caption":"puma-jagdmesser-tradition-jagdnicker-nicker-hirschhorn"},{"@type":"BreadcrumbList","@id":"https:\/\/messervertrieb-rottner.de\/produkte\/puma-tradition\/#breadcrumb","itemListElement":[{"@type":"ListItem","position":1,"name":"Startseite","item":"https:\/\/messervertrieb-rottner.de\/"},{"@type":"ListItem","position":2,"name":"Katalog","item":"https:\/\/messervertrieb-rottner.de\/katalog\/"},{"@type":"ListItem","position":3,"name":"Puma Tradition"}]},{"@type":"WebSite","@id":"https:\/\/messervertrieb-rottner.de\/#website","url":"https:\/\/messervertrieb-rottner.de\/","name":"Messervertrieb Rottner","description":"Profi Messer aus Solingen","publisher":{"@id":"https:\/\/messervertrieb-rottner.de\/#organization"},"potentialAction":[{"@type":"SearchAction","target":{"@type":"EntryPoint","urlTemplate":"https:\/\/messervertrieb-rottner.de\/?s={search_term_string}"},"query-input":{"@type":"PropertyValueSpecification","valueRequired":true,"valueName":"search_term_string"}}],"inLanguage":"de"},{"@type":["LocalBusiness","Store","Organization"],"@id":"https:\/\/messervertrieb-rottner.de\/#organization","name":"Messervertrieb Rottner","url":"https:\/\/messervertrieb-rottner.de\/","logo":{"@type":"ImageObject","inLanguage":"de","@id":"https:\/\/messervertrieb-rottner.de\/#\/schema\/logo\/image\/","url":"https:\/\/messervertrieb-rottner.de\/wp-content\/uploads\/2023\/07\/messervertrieb-rottner-logo-150x150px.png","contentUrl":"https:\/\/messervertrieb-rottner.de\/wp-content\/uploads\/2023\/07\/messervertrieb-rottner-logo-150x150px.png","width":150,"height":150,"caption":"Messervertrieb Rottner"},"image":{"@id":"https:\/\/messervertrieb-rottner.de\/#\/schema\/logo\/image\/"},"sameAs":["https:\/\/www.facebook.com\/messerrottner\/","https:\/\/www.instagram.com\/messervertrieb_rottner\/"],"address":{"@type":"PostalAddress","streetAddress":"Buchenstr. 3","postalCode":"42699","addressLocality":"Solingen","addressCountry":"DE"},"telephone":"+49 212\/25089021","email":"info@messervertrieb-rottner.de","priceRange":"$$","openingHoursSpecification":[{"@type":"OpeningHoursSpecification","dayOfWeek":["Monday","Tuesday","Wednesday","Thursday","Friday"],"opens":"09:00","closes":"17:00"}]}]}},"_links":{"self":[{"href":"https:\/\/messervertrieb-rottner.de\/wp-json\/wp\/v2\/product\/9193","targetHints":{"allow":["GET"]}}],"collection":[{"href":"https:\/\/messervertrieb-rottner.de\/wp-json\/wp\/v2\/product"}],"about":[{"href":"https:\/\/messervertrieb-rottner.de\/wp-json\/wp\/v2\/types\/product"}],"replies":[{"embeddable":true,"href":"https:\/\/messervertrieb-rottner.de\/wp-json\/wp\/v2\/comments?post=9193"}],"wp:featuredmedia":[{"embeddable":true,"href":"https:\/\/messervertrieb-rottner.de\/wp-json\/wp\/v2\/media\/9194"}],"wp:attachment":[{"href":"https:\/\/messervertrieb-rottner.de\/wp-json\/wp\/v2\/media?parent=9193"}],"wp:term":[{"taxonomy":"product_brand","embeddable":true,"href":"https:\/\/messervertrieb-rottner.de\/wp-json\/wp\/v2\/product_brand?post=9193"},{"taxonomy":"product_cat","embeddable":true,"href":"https:\/\/messervertrieb-rottner.de\/wp-json\/wp\/v2\/product_cat?post=9193"},{"taxonomy":"product_tag","embeddable":true,"href":"https:\/\/messervertrieb-rottner.de\/wp-json\/wp\/v2\/product_tag?post=9193"}],"curies":[{"name":"wp","href":"https:\/\/api.w.org\/{rel}","templated":true}]}}