{"id":22008,"date":"2022-03-31T14:35:22","date_gmt":"2022-03-31T12:35:22","guid":{"rendered":"https:\/\/messervertrieb-rottner.de\/var\/www\/vhosts\/messervertrieb-rottner.de\/httpdocs\/?post_type=product&#038;p=22008"},"modified":"2026-03-27T11:12:53","modified_gmt":"2026-03-27T10:12:53","slug":"otter-imkermesser","status":"publish","type":"product","link":"https:\/\/messervertrieb-rottner.de\/produkte\/otter-imkermesser\/","title":{"rendered":"Otter Imkermesser"},"content":{"rendered":"<h3><strong>Otter Imkermesser<\/strong><\/h3>\n<p>Ein bew\u00e4hrtes klassisches Messer wird zu etwas Besonderem. Mit dem neuen Otter Imkermesser gibt es nun einen treuen Begleiter. Backen, Platinen und Nieten sind aus Messing, sowie die wabenf\u00f6rmige Intarsie mit der Abbildung einer Biene. Dabei harmoniert das Messing sehr gut mit dem Holz des Sanddorn. Sanddorn ist ein heimisches Holz mit sch\u00f6ner Maserung, welche die Griffschalen f\u00fcr dieses Messer liefern. Das Imkermesser ist nur mit einer rostfreien Klinge erh\u00e4ltlich.<\/p>\n<p><strong>3\u00a0\u20ac von jedem verkauften Messer werden dem Lehrbienenzentrum in Witten Hohenstein gespendet.<\/strong><\/p>\n<h4><strong>OTTER &#8211; Seit 1840 scharfe Qualit\u00e4t aus Solingen<\/strong><\/h4>\n<p>Um das Jahr 1840 wurde in einem kleinen Kotten, einer traditionellen wasserbetriebenen Schleiferei, die Messerfirma Otter in Solingen gegr\u00fcndet. Damals lebten viele Fischotter an den nahen B\u00e4chen und Fl\u00fcssen, diese waren das Vorbild f\u00fcr den Namen der Marke <strong>Otter\u00a0<\/strong>und verzieren heute noch als Logo die Messern.<\/p>\n<p>Die Otter Taschenmesser und Messer werden in sorgf\u00e4ltiger Handarbeit hergestellt und gesch\u00e4rft. Bei der Herstellung h\u00e4lt man sich auch heute noch an die bew\u00e4hrte Tradition, welche viele hochwertige Solinger Messer hervorgebracht hat. Das Angebot der Messerfirma Otter umfasst Freizeitmesser, Gartenmesser, Haushaltsmesser und Jagdmesser. Ein gro\u00dfer Teil der Klingen werden aus Kohlenstoff hergestellt und haben so eine hervorragende Schnitthaltigkeit und Robustheit.<\/p>\n<p>&nbsp;<\/p>\n","protected":false},"excerpt":{"rendered":"<p>Otter Imkermesser Ein bew\u00e4hrtes klassisches Messer wird zu etwas Besonderem. Mit dem neuen Otter Imkermesser gibt es nun einen treuen Begleiter. Backen, Platinen und Nieten sind aus Messing, sowie die wabenf\u00f6rmige Intarsie mit der Abbildung einer Biene. Dabei harmoniert das Messing sehr gut mit dem Holz des Sanddorn. Sanddorn ist ein heimisches Holz mit sch\u00f6ner [&hellip;]<\/p>\n","protected":false},"featured_media":23011,"comment_status":"open","ping_status":"closed","template":"","meta":{"_acf_changed":false,"_et_pb_use_builder":"","_et_pb_old_content":"","_et_gb_content_width":""},"product_brand":[],"product_cat":[77,620,284,219,107,309,66,283,37],"product_tag":[],"class_list":{"0":"post-22008","1":"product","2":"type-product","3":"status-publish","4":"has-post-thumbnail","6":"product_cat-gartenmesser","7":"product_cat-messer","8":"product_cat-messer-solingen","9":"product_cat-normale-klinge","10":"product_cat-otter-messer","11":"product_cat-outdoormesser-solingen","12":"product_cat-hochwertige-taschenmesser-solingen","13":"product_cat-taschenmesser-solingen","14":"product_cat-outdoormesser","15":"pa_brand-otter","16":"pa_klingenlaenge-85-cm","18":"first","19":"instock","20":"taxable","21":"shipping-taxable","22":"purchasable","23":"product-type-simple"},"exclude_global_add_ons":false,"addons":[{"name":"Gravurtext","type":"custom_text","position":0,"required":false,"title_format":"label","description_enable":true,"description":"Verleihen Sie Ihrem Messer eine pers\u00f6nliche Bedeutung mit unserer hochwertigen Lasergravur. Ob Name, Datum oder Widmung \u2013 wir setzen Ihre Wunschgravur pr\u00e4zise und stilvoll um.\r\n\r\nUnsere Gravur wird besonders tief und hochwertig gelasert, wodurch sie dauerhaft sichtbar und mit dem Fingernagel sp\u00fcrbar ist. Die Klinge bleibt dabei vollst\u00e4ndig unbeeinflusst \u2013 es besteht keine Gefahr von Rost oder Materialsch\u00e4den. So entsteht eine Gravur, die ein Leben lang h\u00e4lt.\r\n\r\nDer Preis von 19,99 \u20ac bezieht sich auf die Gravur eines Messers. F\u00fcr die Gravur mehrerer Messer, z. B. eines kompletten Sets, kontaktieren Sie uns bitte \u2013 wir erstellen Ihnen gerne ein individuelles Angebot.","placeholder_enable":false,"placeholder":"","display":"select","restrictions_type":"any_text","adjust_price":true,"price":"16.7983","price_type":"quantity_based","restrictions":false,"min":0,"max":0,"options":[],"id":1723823828},{"name":"Position der Gravur","type":"checkbox","position":1,"required":false,"title_format":"label","description_enable":false,"description":"","placeholder_enable":false,"placeholder":"","display":"select","restrictions_type":"any_text","adjust_price":false,"price":"","price_type":"flat_fee","restrictions":false,"min":0,"max":0,"options":[{"label":"01 R\u00fcckseite der Klinge","price":"","price_type":"flat_fee","image":0},{"label":"02 Kropf (wenn m\u00f6glich)","price":"","price_type":"flat_fee","image":0},{"label":"03 Backen (wenn m\u00f6glich)","price":"","price_type":"flat_fee","image":0},{"label":"04 Gravurpl\u00e4ttchen (wenn m\u00f6glich)","price":"","price_type":"flat_fee","image":0}],"id":1734360405},{"name":"Schriftart","type":"checkbox","position":2,"required":false,"title_format":"label","description_enable":false,"description":"","placeholder_enable":false,"placeholder":"","display":"select","restrictions_type":"any_text","adjust_price":false,"price":"","price_type":"flat_fee","restrictions":false,"min":0,"max":0,"options":[{"label":"Acme","price":"","price_type":"flat_fee","image":0},{"label":"Dancing Script","price":"","price_type":"flat_fee","image":0},{"label":"Helvetica","price":"","price_type":"flat_fee","image":0},{"label":"Miama","price":"","price_type":"flat_fee","image":0}],"id":1723823830}],"acf":[],"gallery_images":[23012,23021],"yoast_head":"<!-- This site is optimized with the Yoast SEO plugin v27.0 - https:\/\/yoast.com\/product\/yoast-seo-wordpress\/ -->\n<title>Otter Imkermesser - Das ganz besondere Taschenmesser online kaufen<\/title>\n<meta name=\"description\" content=\"Das Otter Imkermesser Pflaumenbaum | Ein praktisches Solinger Taschenmesser | Sorgf\u00e4ltige Handarbeit | Versandkostenfrei ab 30\u20ac\" \/>\n<meta name=\"robots\" content=\"index, follow, max-snippet:-1, max-image-preview:large, max-video-preview:-1\" \/>\n<link rel=\"canonical\" href=\"https:\/\/messervertrieb-rottner.de\/produkte\/otter-imkermesser\/\" \/>\n<meta property=\"og:locale\" content=\"de_DE\" \/>\n<meta property=\"og:type\" content=\"article\" \/>\n<meta property=\"og:title\" content=\"Otter Imkermesser - Das ganz besondere Taschenmesser online kaufen\" \/>\n<meta property=\"og:description\" content=\"Das Otter Imkermesser Pflaumenbaum | Ein praktisches Solinger Taschenmesser | Sorgf\u00e4ltige Handarbeit | Versandkostenfrei ab 30\u20ac\" \/>\n<meta property=\"og:url\" content=\"https:\/\/messervertrieb-rottner.de\/produkte\/otter-imkermesser\/\" \/>\n<meta property=\"og:site_name\" content=\"Messervertrieb Rottner\" \/>\n<meta property=\"article:publisher\" content=\"https:\/\/www.facebook.com\/messerrottner\/\" \/>\n<meta property=\"article:modified_time\" content=\"2026-03-27T10:12:53+00:00\" \/>\n<meta property=\"og:image\" content=\"https:\/\/messervertrieb-rottner.de\/wp-content\/uploads\/2022\/03\/otter-imkermesser-sanddorn-kaufen.jpg\" \/>\n\t<meta property=\"og:image:width\" content=\"1920\" \/>\n\t<meta property=\"og:image:height\" content=\"1080\" \/>\n\t<meta property=\"og:image:type\" content=\"image\/jpeg\" \/>\n<meta name=\"twitter:card\" content=\"summary_large_image\" \/>\n<meta name=\"twitter:label1\" content=\"Gesch\u00e4tzte Lesezeit\" \/>\n\t<meta name=\"twitter:data1\" content=\"2\u00a0Minuten\" \/>\n<script type=\"application\/ld+json\" class=\"yoast-schema-graph\">{\"@context\":\"https:\/\/schema.org\",\"@graph\":[{\"@type\":\"WebPage\",\"@id\":\"https:\/\/messervertrieb-rottner.de\/produkte\/otter-imkermesser\/\",\"url\":\"https:\/\/messervertrieb-rottner.de\/produkte\/otter-imkermesser\/\",\"name\":\"Otter Imkermesser - Das ganz besondere Taschenmesser online kaufen\",\"isPartOf\":{\"@id\":\"https:\/\/messervertrieb-rottner.de\/#website\"},\"primaryImageOfPage\":{\"@id\":\"https:\/\/messervertrieb-rottner.de\/produkte\/otter-imkermesser\/#primaryimage\"},\"image\":{\"@id\":\"https:\/\/messervertrieb-rottner.de\/produkte\/otter-imkermesser\/#primaryimage\"},\"thumbnailUrl\":\"https:\/\/messervertrieb-rottner.de\/wp-content\/uploads\/2022\/03\/otter-imkermesser-sanddorn-kaufen.jpg\",\"datePublished\":\"2022-03-31T12:35:22+00:00\",\"dateModified\":\"2026-03-27T10:12:53+00:00\",\"description\":\"Das Otter Imkermesser Pflaumenbaum | Ein praktisches Solinger Taschenmesser | Sorgf\u00e4ltige Handarbeit | Versandkostenfrei ab 30\u20ac\",\"breadcrumb\":{\"@id\":\"https:\/\/messervertrieb-rottner.de\/produkte\/otter-imkermesser\/#breadcrumb\"},\"inLanguage\":\"de\",\"potentialAction\":[{\"@type\":\"ReadAction\",\"target\":[\"https:\/\/messervertrieb-rottner.de\/produkte\/otter-imkermesser\/\"]}]},{\"@type\":\"ImageObject\",\"inLanguage\":\"de\",\"@id\":\"https:\/\/messervertrieb-rottner.de\/produkte\/otter-imkermesser\/#primaryimage\",\"url\":\"https:\/\/messervertrieb-rottner.de\/wp-content\/uploads\/2022\/03\/otter-imkermesser-sanddorn-kaufen.jpg\",\"contentUrl\":\"https:\/\/messervertrieb-rottner.de\/wp-content\/uploads\/2022\/03\/otter-imkermesser-sanddorn-kaufen.jpg\",\"width\":1920,\"height\":1080,\"caption\":\"otter-imkermesser-sanddorn-kaufen\"},{\"@type\":\"BreadcrumbList\",\"@id\":\"https:\/\/messervertrieb-rottner.de\/produkte\/otter-imkermesser\/#breadcrumb\",\"itemListElement\":[{\"@type\":\"ListItem\",\"position\":1,\"name\":\"Startseite\",\"item\":\"https:\/\/messervertrieb-rottner.de\/\"},{\"@type\":\"ListItem\",\"position\":2,\"name\":\"Katalog\",\"item\":\"https:\/\/messervertrieb-rottner.de\/katalog\/\"},{\"@type\":\"ListItem\",\"position\":3,\"name\":\"Otter Imkermesser\"}]},{\"@type\":\"WebSite\",\"@id\":\"https:\/\/messervertrieb-rottner.de\/#website\",\"url\":\"https:\/\/messervertrieb-rottner.de\/\",\"name\":\"Messervertrieb Rottner\",\"description\":\"Profi Messer aus Solingen\",\"publisher\":{\"@id\":\"https:\/\/messervertrieb-rottner.de\/#organization\"},\"potentialAction\":[{\"@type\":\"SearchAction\",\"target\":{\"@type\":\"EntryPoint\",\"urlTemplate\":\"https:\/\/messervertrieb-rottner.de\/?s={search_term_string}\"},\"query-input\":{\"@type\":\"PropertyValueSpecification\",\"valueRequired\":true,\"valueName\":\"search_term_string\"}}],\"inLanguage\":\"de\"},{\"@type\":[\"LocalBusiness\",\"Store\",\"Organization\"],\"@id\":\"https:\/\/messervertrieb-rottner.de\/#organization\",\"name\":\"Messervertrieb Rottner\",\"url\":\"https:\/\/messervertrieb-rottner.de\/\",\"logo\":{\"@type\":\"ImageObject\",\"inLanguage\":\"de\",\"@id\":\"https:\/\/messervertrieb-rottner.de\/#\/schema\/logo\/image\/\",\"url\":\"https:\/\/messervertrieb-rottner.de\/wp-content\/uploads\/2023\/07\/messervertrieb-rottner-logo-150x150px.png\",\"contentUrl\":\"https:\/\/messervertrieb-rottner.de\/wp-content\/uploads\/2023\/07\/messervertrieb-rottner-logo-150x150px.png\",\"width\":150,\"height\":150,\"caption\":\"Messervertrieb Rottner\"},\"image\":{\"@id\":\"https:\/\/messervertrieb-rottner.de\/#\/schema\/logo\/image\/\"},\"sameAs\":[\"https:\/\/www.facebook.com\/messerrottner\/\",\"https:\/\/www.instagram.com\/messervertrieb_rottner\/\"],\"address\":{\"@type\":\"PostalAddress\",\"streetAddress\":\"Buchenstr. 3\",\"postalCode\":\"42699\",\"addressLocality\":\"Solingen\",\"addressCountry\":\"DE\"},\"telephone\":\"+49 212\/25089021\",\"email\":\"info@messervertrieb-rottner.de\",\"priceRange\":\"$$\",\"openingHoursSpecification\":[{\"@type\":\"OpeningHoursSpecification\",\"dayOfWeek\":[\"Monday\",\"Tuesday\",\"Wednesday\",\"Thursday\",\"Friday\"],\"opens\":\"09:00\",\"closes\":\"17:00\"}]}]}<\/script>\n<!-- \/ Yoast SEO plugin. -->","yoast_head_json":{"title":"Otter Imkermesser - Das ganz besondere Taschenmesser online kaufen","description":"Das Otter Imkermesser Pflaumenbaum | Ein praktisches Solinger Taschenmesser | Sorgf\u00e4ltige Handarbeit | Versandkostenfrei ab 30\u20ac","robots":{"index":"index","follow":"follow","max-snippet":"max-snippet:-1","max-image-preview":"max-image-preview:large","max-video-preview":"max-video-preview:-1"},"canonical":"https:\/\/messervertrieb-rottner.de\/produkte\/otter-imkermesser\/","og_locale":"de_DE","og_type":"article","og_title":"Otter Imkermesser - Das ganz besondere Taschenmesser online kaufen","og_description":"Das Otter Imkermesser Pflaumenbaum | Ein praktisches Solinger Taschenmesser | Sorgf\u00e4ltige Handarbeit | Versandkostenfrei ab 30\u20ac","og_url":"https:\/\/messervertrieb-rottner.de\/produkte\/otter-imkermesser\/","og_site_name":"Messervertrieb Rottner","article_publisher":"https:\/\/www.facebook.com\/messerrottner\/","article_modified_time":"2026-03-27T10:12:53+00:00","og_image":[{"width":1920,"height":1080,"url":"https:\/\/messervertrieb-rottner.de\/wp-content\/uploads\/2022\/03\/otter-imkermesser-sanddorn-kaufen.jpg","type":"image\/jpeg"}],"twitter_card":"summary_large_image","twitter_misc":{"Gesch\u00e4tzte Lesezeit":"2\u00a0Minuten"},"schema":{"@context":"https:\/\/schema.org","@graph":[{"@type":"WebPage","@id":"https:\/\/messervertrieb-rottner.de\/produkte\/otter-imkermesser\/","url":"https:\/\/messervertrieb-rottner.de\/produkte\/otter-imkermesser\/","name":"Otter Imkermesser - Das ganz besondere Taschenmesser online kaufen","isPartOf":{"@id":"https:\/\/messervertrieb-rottner.de\/#website"},"primaryImageOfPage":{"@id":"https:\/\/messervertrieb-rottner.de\/produkte\/otter-imkermesser\/#primaryimage"},"image":{"@id":"https:\/\/messervertrieb-rottner.de\/produkte\/otter-imkermesser\/#primaryimage"},"thumbnailUrl":"https:\/\/messervertrieb-rottner.de\/wp-content\/uploads\/2022\/03\/otter-imkermesser-sanddorn-kaufen.jpg","datePublished":"2022-03-31T12:35:22+00:00","dateModified":"2026-03-27T10:12:53+00:00","description":"Das Otter Imkermesser Pflaumenbaum | Ein praktisches Solinger Taschenmesser | Sorgf\u00e4ltige Handarbeit | Versandkostenfrei ab 30\u20ac","breadcrumb":{"@id":"https:\/\/messervertrieb-rottner.de\/produkte\/otter-imkermesser\/#breadcrumb"},"inLanguage":"de","potentialAction":[{"@type":"ReadAction","target":["https:\/\/messervertrieb-rottner.de\/produkte\/otter-imkermesser\/"]}]},{"@type":"ImageObject","inLanguage":"de","@id":"https:\/\/messervertrieb-rottner.de\/produkte\/otter-imkermesser\/#primaryimage","url":"https:\/\/messervertrieb-rottner.de\/wp-content\/uploads\/2022\/03\/otter-imkermesser-sanddorn-kaufen.jpg","contentUrl":"https:\/\/messervertrieb-rottner.de\/wp-content\/uploads\/2022\/03\/otter-imkermesser-sanddorn-kaufen.jpg","width":1920,"height":1080,"caption":"otter-imkermesser-sanddorn-kaufen"},{"@type":"BreadcrumbList","@id":"https:\/\/messervertrieb-rottner.de\/produkte\/otter-imkermesser\/#breadcrumb","itemListElement":[{"@type":"ListItem","position":1,"name":"Startseite","item":"https:\/\/messervertrieb-rottner.de\/"},{"@type":"ListItem","position":2,"name":"Katalog","item":"https:\/\/messervertrieb-rottner.de\/katalog\/"},{"@type":"ListItem","position":3,"name":"Otter Imkermesser"}]},{"@type":"WebSite","@id":"https:\/\/messervertrieb-rottner.de\/#website","url":"https:\/\/messervertrieb-rottner.de\/","name":"Messervertrieb Rottner","description":"Profi Messer aus Solingen","publisher":{"@id":"https:\/\/messervertrieb-rottner.de\/#organization"},"potentialAction":[{"@type":"SearchAction","target":{"@type":"EntryPoint","urlTemplate":"https:\/\/messervertrieb-rottner.de\/?s={search_term_string}"},"query-input":{"@type":"PropertyValueSpecification","valueRequired":true,"valueName":"search_term_string"}}],"inLanguage":"de"},{"@type":["LocalBusiness","Store","Organization"],"@id":"https:\/\/messervertrieb-rottner.de\/#organization","name":"Messervertrieb Rottner","url":"https:\/\/messervertrieb-rottner.de\/","logo":{"@type":"ImageObject","inLanguage":"de","@id":"https:\/\/messervertrieb-rottner.de\/#\/schema\/logo\/image\/","url":"https:\/\/messervertrieb-rottner.de\/wp-content\/uploads\/2023\/07\/messervertrieb-rottner-logo-150x150px.png","contentUrl":"https:\/\/messervertrieb-rottner.de\/wp-content\/uploads\/2023\/07\/messervertrieb-rottner-logo-150x150px.png","width":150,"height":150,"caption":"Messervertrieb Rottner"},"image":{"@id":"https:\/\/messervertrieb-rottner.de\/#\/schema\/logo\/image\/"},"sameAs":["https:\/\/www.facebook.com\/messerrottner\/","https:\/\/www.instagram.com\/messervertrieb_rottner\/"],"address":{"@type":"PostalAddress","streetAddress":"Buchenstr. 3","postalCode":"42699","addressLocality":"Solingen","addressCountry":"DE"},"telephone":"+49 212\/25089021","email":"info@messervertrieb-rottner.de","priceRange":"$$","openingHoursSpecification":[{"@type":"OpeningHoursSpecification","dayOfWeek":["Monday","Tuesday","Wednesday","Thursday","Friday"],"opens":"09:00","closes":"17:00"}]}]}},"_links":{"self":[{"href":"https:\/\/messervertrieb-rottner.de\/wp-json\/wp\/v2\/product\/22008","targetHints":{"allow":["GET"]}}],"collection":[{"href":"https:\/\/messervertrieb-rottner.de\/wp-json\/wp\/v2\/product"}],"about":[{"href":"https:\/\/messervertrieb-rottner.de\/wp-json\/wp\/v2\/types\/product"}],"replies":[{"embeddable":true,"href":"https:\/\/messervertrieb-rottner.de\/wp-json\/wp\/v2\/comments?post=22008"}],"wp:featuredmedia":[{"embeddable":true,"href":"https:\/\/messervertrieb-rottner.de\/wp-json\/wp\/v2\/media\/23011"}],"wp:attachment":[{"href":"https:\/\/messervertrieb-rottner.de\/wp-json\/wp\/v2\/media?parent=22008"}],"wp:term":[{"taxonomy":"product_brand","embeddable":true,"href":"https:\/\/messervertrieb-rottner.de\/wp-json\/wp\/v2\/product_brand?post=22008"},{"taxonomy":"product_cat","embeddable":true,"href":"https:\/\/messervertrieb-rottner.de\/wp-json\/wp\/v2\/product_cat?post=22008"},{"taxonomy":"product_tag","embeddable":true,"href":"https:\/\/messervertrieb-rottner.de\/wp-json\/wp\/v2\/product_tag?post=22008"}],"curies":[{"name":"wp","href":"https:\/\/api.w.org\/{rel}","templated":true}]}}